{"id":1254,"date":"2025-12-16T13:53:20","date_gmt":"2025-12-16T13:53:20","guid":{"rendered":"https:\/\/qai1495.live-website.com\/?page_id=1254"},"modified":"2026-01-26T12:50:33","modified_gmt":"2026-01-26T12:50:33","slug":"impressum","status":"publish","type":"page","link":"https:\/\/q-ki.consulting\/?page_id=1254","title":{"rendered":"Impressum"},"content":{"rendered":"\t\t<div data-elementor-type=\"wp-page\" data-elementor-id=\"1254\" class=\"elementor elementor-1254\" data-elementor-post-type=\"page\">\n\t\t\t\t<div class=\"elementor-element elementor-element-eb6dcae e-flex e-con-boxed e-con e-parent\" data-id=\"eb6dcae\" data-element_type=\"container\" data-settings=\"{&quot;background_background&quot;:&quot;classic&quot;,&quot;ekit_has_onepagescroll_dot&quot;:&quot;yes&quot;}\">\n\t\t\t\t\t<div class=\"e-con-inner\">\n\t\t\t\t<div class=\"elementor-element elementor-element-34c1394 elementor-widget elementor-widget-text-editor\" data-id=\"34c1394\" data-element_type=\"widget\" data-settings=\"{&quot;ekit_we_effect_on&quot;:&quot;none&quot;}\" data-widget_type=\"text-editor.default\">\n\t\t\t\t\t\t\t\t\t<h1 class=\"page-title\">Impressum<\/h1>\t\t\t\t\t\t\t\t<\/div>\n\t\t\t\t\t<\/div>\n\t\t\t\t<\/div>\n\t\t<div class=\"elementor-element elementor-element-6555ab0 e-flex e-con-boxed e-con e-parent\" data-id=\"6555ab0\" data-element_type=\"container\" data-settings=\"{&quot;background_background&quot;:&quot;classic&quot;,&quot;ekit_has_onepagescroll_dot&quot;:&quot;yes&quot;}\">\n\t\t\t\t\t<div class=\"e-con-inner\">\n\t\t<div class=\"elementor-element elementor-element-8bb0e3e e-con-full e-flex e-con e-child\" data-id=\"8bb0e3e\" data-element_type=\"container\" data-settings=\"{&quot;ekit_has_onepagescroll_dot&quot;:&quot;yes&quot;}\">\n\t\t\t\t<div class=\"elementor-element elementor-element-699b64c elementor-widget elementor-widget-text-editor\" data-id=\"699b64c\" data-element_type=\"widget\" data-settings=\"{&quot;ekit_we_effect_on&quot;:&quot;none&quot;}\" data-widget_type=\"text-editor.default\">\n\t\t\t\t\t\t\t\t\t<div class=\"elementor-element elementor-element-2196613 elementor-widget elementor-widget-text-editor\" data-id=\"2196613\" data-element_type=\"widget\" data-widget_type=\"text-editor.default\"><section class=\"about-section\"><div class=\"container\"><p class=\"\">Q KI.Consulting GmbH<br \/>Fahrendahl 41d<br \/>27442 Gnarrenburg<\/p><p class=\"\">Telefon: 04764 225 36 16<\/p><p class=\"\">Web: q-ki.consulting<\/p><p class=\"\">E-Mail: info(at)q-ki.consulting<\/p><p class=\"\">Finanzamt: Finanzamt Zeven<br \/>USt.Id.: DE333205466<br \/>Produktionsstandort 27442 Gnarrenburg<\/p><p class=\"highlight-cursor-para\">Redaktionell verantwortlich<\/p><p class=\"\">Q KI Consulting GmbH<br \/>Fahrendahl 41d<br \/>27442 Gnarrenburg<\/p><p class=\"\">Bildmaterial<\/p><p>Auf den Seiten der q-ki.consulting werden Abbildungen von folgenden Bilderdiensten, Fotografen und Designern verwendet:<br \/><a href=\"https:\/\/stock.adobe.com\/de\/\">Adobe Stock<\/a>,\u00a0<a href=\"https:\/\/elbe-weser.design\/\">Elbe-Weser Design<\/a>,\u00a0<a href=\"https:\/\/de.freepik.com\/fotos-kostenlos\/bagger-zum-graben-bei-tageslicht-im-freien_20828318.htm#page=2&amp;query=bagger-zum-graben-bei-tageslicht-im-freien&amp;position=0&amp;from_view=search&amp;track=sph\">Freepik<\/a>,\u00a0<a href=\"https:\/\/www.shutterstock.com\/de\/\">Shutterstock<\/a>.<\/p><p>Streitschlichtung<\/p><p class=\"\">Die Europ\u00e4ische Kommission stellt eine Plattform zur Online-Streitbeilegung (OS) bereit:\u00a0<a href=\"https:\/\/ec.europa.eu\/consumers\/odr\/\" target=\"_blank\" rel=\"noopener noreferrer\">https:\/\/ec.europa.eu\/consumers\/odr\/<\/a>. Unsere E-Mail-Adresse finden Sie oben im Impressum. Wir sind nicht bereit oder verpflichtet, an Streitbeilegungsverfahren vor einer Verbraucherschlichtungsstelle teilzunehmen.<\/p><p>Haftung f\u00fcr Inhalte<\/p><p class=\"\">Als Dienstanbieter sind wir gem\u00e4\u00df \u00a7\u00a07 Abs.\u00a01 TMG f\u00fcr eigene Inhalte auf diesen Seiten nach den allgemeinen Gesetzen verantwortlich. Nach \u00a7\u00a7\u00a08 bis 10\u00a0TMG sind wir als Diensteanbieter jedoch nicht verpflichtet, \u00fcbermittelte oder gespeicherte fremde Informationen zu \u00fcberwachen oder nach Umst\u00e4nden zu forschen, die auf eine rechtswidrige T\u00e4tigkeit hinweisen. Verpflichtungen oder Sperrung der Nutzung von Informationen nach den allgemeinen Gesetzen bleiben hiervon unber\u00fchrt. Eine diesbez\u00fcgliche Haftung ist jedoch erst ab dem Zeitpunkt der Kenntnis einer konkreten Rechts\u00adverletzung m\u00f6glich. Bei Bekanntwerden von entsprechenden Rechtsverletzungen werden wir diese Inhalte umgehend entfernen.<\/p><p class=\"\">Haftung f\u00fcr Links<\/p><p class=\"\">Unser Angebot enth\u00e4lt Links zu externen Websites Dritter, auf deren Inhalte wir keinen Einfluss haben. Deshalb k\u00f6nnen wir f\u00fcr diese fremden Inhalte auch keine Gew\u00e4hr \u00fcbernehmen. F\u00fcr die Inhalte der verlinkten Seiten ist stets der jeweilige Anbieter oder Betreiber der Seiten verantwortlich. Die verlinkten Seiten wurden zum Zeitpunkt der Verlinkung auf m\u00f6gliche Rechtsverst\u00f6\u00dfe \u00fcberpr\u00fcft. Rechtswidrige Inhalte waren zum Zeitpunkt der Verlinkung nicht erkennbar. Eine permanente inhaltliche Kontrolle der verlinkten Seiten ist jedoch ohne konkrete Anhaltspunkte einer Rechtsverletzung nicht zumutbar. Bei Bekanntwerden von Rechtsverletzungen werden wir derartige Links umgehend entfernen.<\/p><p class=\"\">Urheberrecht<\/p><p class=\"\">Die durch die Seitenbetreiber erstellten Inhalte und Werke auf diesen Seiten unterliegen dem deutschen Urheberrecht. Die Vervielf\u00e4ltigung, Bearbeitung, Verbreitung und jede Art der Verwertung au\u00dferhalb der Grenzen des Urheberrechtes bed\u00fcrfen der schriftlichen Zustimmung des jeweiligen Autors bzw. Erstellers. Downloads und Kopien dieser Seite sind nur f\u00fcr den privaten, nicht kommerziellen Gebrauch gestattet. Soweit die Inhalte auf dieser Seite nicht vom Betreiber erstellt wurden, werden die Urheberrechte Dritter beachtet. Insbesondere werden Inhalte Dritter als solche gekennzeichnet. Sollten Sie trotzdem auf eine Urheberrechtsverletzung aufmerksam werden, bitten wir um einen entsprechenden Hinweis. Bei Bekanntwerden von Rechtsverletzungen werden wir derartige Inhalte umgehend entfernen.<\/p><\/div><\/section><\/div>\t\t\t\t\t\t\t\t<\/div>\n\t\t\t\t<\/div>\n\t\t\t\t\t<\/div>\n\t\t\t\t<\/div>\n\t\t<div class=\"elementor-element elementor-element-af803fb e-flex e-con-boxed e-con e-parent\" data-id=\"af803fb\" data-element_type=\"container\" data-settings=\"{&quot;background_background&quot;:&quot;classic&quot;,&quot;ekit_has_onepagescroll_dot&quot;:&quot;yes&quot;}\">\n\t\t\t\t\t<div class=\"e-con-inner\">\n\t\t<div class=\"elementor-element elementor-element-161880b e-con-full e-flex e-con e-child\" data-id=\"161880b\" data-element_type=\"container\" data-settings=\"{&quot;background_background&quot;:&quot;classic&quot;,&quot;ekit_has_onepagescroll_dot&quot;:&quot;yes&quot;}\">\n\t\t<div class=\"elementor-element elementor-element-4d713413 e-con-full e-flex e-con e-child\" data-id=\"4d713413\" data-element_type=\"container\" data-settings=\"{&quot;background_background&quot;:&quot;classic&quot;,&quot;ekit_has_onepagescroll_dot&quot;:&quot;yes&quot;}\">\n\t\t\t\t<div class=\"elementor-element elementor-element-de9507c elementor-list-item-link-inline elementor-icon-list--layout-traditional elementor-widget elementor-widget-icon-list\" data-id=\"de9507c\" data-element_type=\"widget\" data-settings=\"{&quot;ekit_we_effect_on&quot;:&quot;none&quot;}\" data-widget_type=\"icon-list.default\">\n\t\t\t\t\t\t\t<ul class=\"elementor-icon-list-items\">\n\t\t\t\t\t\t\t<li class=\"elementor-icon-list-item\">\n\t\t\t\t\t\t\t\t\t\t<span class=\"elementor-icon-list-text\"><\/span>\n\t\t\t\t\t\t\t\t\t<\/li>\n\t\t\t\t\t\t<\/ul>\n\t\t\t\t\t\t<\/div>\n\t\t\t\t<\/div>\n\t\t\t\t<\/div>\n\t\t\t\t\t<\/div>\n\t\t\t\t<\/div>\n\t\t\t\t<\/div>\n\t\t","protected":false},"excerpt":{"rendered":"<p>Impressum Q KI.Consulting GmbHFahrendahl 41d27442 Gnarrenburg Telefon: 04764 225 36 16 Web: q-ki.consulting E-Mail: info(at)q-ki.consulting Finanzamt: Finanzamt ZevenUSt.Id.: DE333205466Produktionsstandort 27442 Gnarrenburg Redaktionell verantwortlich Q KI Consulting GmbHFahrendahl 41d27442 Gnarrenburg Bildmaterial Auf den Seiten der q-ki.consulting werden Abbildungen von folgenden Bilderdiensten, Fotografen und Designern verwendet:Adobe Stock,\u00a0Elbe-Weser Design,\u00a0Freepik,\u00a0Shutterstock. Streitschlichtung Die Europ\u00e4ische Kommission stellt eine Plattform zur Online-Streitbeilegung [&hellip;]<\/p>\n","protected":false},"author":2,"featured_media":0,"parent":0,"menu_order":0,"comment_status":"closed","ping_status":"closed","template":"elementor_header_footer","meta":{"footnotes":""},"class_list":["post-1254","page","type-page","status-publish","hentry"],"yoast_head":"<!-- This site is optimized with the Yoast SEO Premium plugin v26.3 (Yoast SEO v26.3) - https:\/\/yoast.com\/wordpress\/plugins\/seo\/ -->\n<title>Impressum - Q-KI.Consulting GmbH - KI-Betriebssystem f\u00fcr Unternehmen<\/title>\n<meta name=\"robots\" content=\"index, follow, max-snippet:-1, max-image-preview:large, max-video-preview:-1\" \/>\n<link rel=\"canonical\" href=\"https:\/\/q-ki.consulting\/?page_id=1254\" \/>\n<meta property=\"og:locale\" content=\"de_DE\" \/>\n<meta property=\"og:type\" content=\"article\" \/>\n<meta property=\"og:title\" content=\"Impressum\" \/>\n<meta property=\"og:description\" content=\"Impressum Q KI.Consulting GmbHFahrendahl 41d27442 Gnarrenburg Telefon: 04764 225 36 16 Web: q-ki.consulting E-Mail: info(at)q-ki.consulting Finanzamt: Finanzamt ZevenUSt.Id.: DE333205466Produktionsstandort 27442 Gnarrenburg Redaktionell verantwortlich Q KI Consulting GmbHFahrendahl 41d27442 Gnarrenburg Bildmaterial Auf den Seiten der q-ki.consulting werden Abbildungen von folgenden Bilderdiensten, Fotografen und Designern verwendet:Adobe Stock,\u00a0Elbe-Weser Design,\u00a0Freepik,\u00a0Shutterstock. Streitschlichtung Die Europ\u00e4ische Kommission stellt eine Plattform zur Online-Streitbeilegung [&hellip;]\" \/>\n<meta property=\"og:url\" content=\"https:\/\/q-ki.consulting\/?page_id=1254\" \/>\n<meta property=\"og:site_name\" content=\"Q-KI.Consulting GmbH - KI-Betriebssystem f\u00fcr Unternehmen\" \/>\n<meta property=\"article:modified_time\" content=\"2026-01-26T12:50:33+00:00\" \/>\n<meta name=\"twitter:card\" content=\"summary_large_image\" \/>\n<meta name=\"twitter:label1\" content=\"Gesch\u00e4tzte Lesezeit\" \/>\n\t<meta name=\"twitter:data1\" content=\"5\u00a0Minuten\" \/>\n<script type=\"application\/ld+json\" class=\"yoast-schema-graph\">{\"@context\":\"https:\/\/schema.org\",\"@graph\":[{\"@type\":\"WebPage\",\"@id\":\"https:\/\/q-ki.consulting\/?page_id=1254\",\"url\":\"https:\/\/q-ki.consulting\/?page_id=1254\",\"name\":\"Impressum - Q-KI.Consulting GmbH - KI-Betriebssystem f\u00fcr Unternehmen\",\"isPartOf\":{\"@id\":\"https:\/\/q-ki.consulting\/#website\"},\"datePublished\":\"2025-12-16T13:53:20+00:00\",\"dateModified\":\"2026-01-26T12:50:33+00:00\",\"breadcrumb\":{\"@id\":\"https:\/\/q-ki.consulting\/?page_id=1254#breadcrumb\"},\"inLanguage\":\"de\",\"potentialAction\":[{\"@type\":\"ReadAction\",\"target\":[\"https:\/\/q-ki.consulting\/?page_id=1254\"]}]},{\"@type\":\"BreadcrumbList\",\"@id\":\"https:\/\/q-ki.consulting\/?page_id=1254#breadcrumb\",\"itemListElement\":[{\"@type\":\"ListItem\",\"position\":1,\"name\":\"Home\",\"item\":\"https:\/\/q-ki.consulting\/\"},{\"@type\":\"ListItem\",\"position\":2,\"name\":\"Impressum\"}]},{\"@type\":\"WebSite\",\"@id\":\"https:\/\/q-ki.consulting\/#website\",\"url\":\"https:\/\/q-ki.consulting\/\",\"name\":\"Q-KI.Consulting\",\"description\":\"KI-Betriebssystem f\u00fcr Unternehmen\",\"publisher\":{\"@id\":\"https:\/\/q-ki.consulting\/#organization\"},\"potentialAction\":[{\"@type\":\"SearchAction\",\"target\":{\"@type\":\"EntryPoint\",\"urlTemplate\":\"https:\/\/q-ki.consulting\/?s={search_term_string}\"},\"query-input\":{\"@type\":\"PropertyValueSpecification\",\"valueRequired\":true,\"valueName\":\"search_term_string\"}}],\"inLanguage\":\"de\"},{\"@type\":\"Organization\",\"@id\":\"https:\/\/q-ki.consulting\/#organization\",\"name\":\"Q-KI.Consulting GmbH\",\"url\":\"https:\/\/q-ki.consulting\/\",\"logo\":{\"@type\":\"ImageObject\",\"inLanguage\":\"de\",\"@id\":\"https:\/\/q-ki.consulting\/#\/schema\/logo\/image\/\",\"url\":\"https:\/\/q-ki.consulting\/wp-content\/uploads\/2025\/12\/QKIC-scaled.png\",\"contentUrl\":\"https:\/\/q-ki.consulting\/wp-content\/uploads\/2025\/12\/QKIC-scaled.png\",\"width\":2560,\"height\":460,\"caption\":\"Q-KI.Consulting GmbH\"},\"image\":{\"@id\":\"https:\/\/q-ki.consulting\/#\/schema\/logo\/image\/\"},\"sameAs\":[\"https:\/\/www.instagram.com\/q_ki_agents\/\",\"https:\/\/www.youtube.com\/@Q-KI-Agents\"]}]}<\/script>\n<!-- \/ Yoast SEO Premium plugin. -->","yoast_head_json":{"title":"Impressum - Q-KI.Consulting GmbH - KI-Betriebssystem f\u00fcr Unternehmen","robots":{"index":"index","follow":"follow","max-snippet":"max-snippet:-1","max-image-preview":"max-image-preview:large","max-video-preview":"max-video-preview:-1"},"canonical":"https:\/\/q-ki.consulting\/?page_id=1254","og_locale":"de_DE","og_type":"article","og_title":"Impressum","og_description":"Impressum Q KI.Consulting GmbHFahrendahl 41d27442 Gnarrenburg Telefon: 04764 225 36 16 Web: q-ki.consulting E-Mail: info(at)q-ki.consulting Finanzamt: Finanzamt ZevenUSt.Id.: DE333205466Produktionsstandort 27442 Gnarrenburg Redaktionell verantwortlich Q KI Consulting GmbHFahrendahl 41d27442 Gnarrenburg Bildmaterial Auf den Seiten der q-ki.consulting werden Abbildungen von folgenden Bilderdiensten, Fotografen und Designern verwendet:Adobe Stock,\u00a0Elbe-Weser Design,\u00a0Freepik,\u00a0Shutterstock. Streitschlichtung Die Europ\u00e4ische Kommission stellt eine Plattform zur Online-Streitbeilegung [&hellip;]","og_url":"https:\/\/q-ki.consulting\/?page_id=1254","og_site_name":"Q-KI.Consulting GmbH - KI-Betriebssystem f\u00fcr Unternehmen","article_modified_time":"2026-01-26T12:50:33+00:00","twitter_card":"summary_large_image","twitter_misc":{"Gesch\u00e4tzte Lesezeit":"5\u00a0Minuten"},"schema":{"@context":"https:\/\/schema.org","@graph":[{"@type":"WebPage","@id":"https:\/\/q-ki.consulting\/?page_id=1254","url":"https:\/\/q-ki.consulting\/?page_id=1254","name":"Impressum - Q-KI.Consulting GmbH - KI-Betriebssystem f\u00fcr Unternehmen","isPartOf":{"@id":"https:\/\/q-ki.consulting\/#website"},"datePublished":"2025-12-16T13:53:20+00:00","dateModified":"2026-01-26T12:50:33+00:00","breadcrumb":{"@id":"https:\/\/q-ki.consulting\/?page_id=1254#breadcrumb"},"inLanguage":"de","potentialAction":[{"@type":"ReadAction","target":["https:\/\/q-ki.consulting\/?page_id=1254"]}]},{"@type":"BreadcrumbList","@id":"https:\/\/q-ki.consulting\/?page_id=1254#breadcrumb","itemListElement":[{"@type":"ListItem","position":1,"name":"Home","item":"https:\/\/q-ki.consulting\/"},{"@type":"ListItem","position":2,"name":"Impressum"}]},{"@type":"WebSite","@id":"https:\/\/q-ki.consulting\/#website","url":"https:\/\/q-ki.consulting\/","name":"Q-KI.Consulting","description":"KI-Betriebssystem f\u00fcr Unternehmen","publisher":{"@id":"https:\/\/q-ki.consulting\/#organization"},"potentialAction":[{"@type":"SearchAction","target":{"@type":"EntryPoint","urlTemplate":"https:\/\/q-ki.consulting\/?s={search_term_string}"},"query-input":{"@type":"PropertyValueSpecification","valueRequired":true,"valueName":"search_term_string"}}],"inLanguage":"de"},{"@type":"Organization","@id":"https:\/\/q-ki.consulting\/#organization","name":"Q-KI.Consulting GmbH","url":"https:\/\/q-ki.consulting\/","logo":{"@type":"ImageObject","inLanguage":"de","@id":"https:\/\/q-ki.consulting\/#\/schema\/logo\/image\/","url":"https:\/\/q-ki.consulting\/wp-content\/uploads\/2025\/12\/QKIC-scaled.png","contentUrl":"https:\/\/q-ki.consulting\/wp-content\/uploads\/2025\/12\/QKIC-scaled.png","width":2560,"height":460,"caption":"Q-KI.Consulting GmbH"},"image":{"@id":"https:\/\/q-ki.consulting\/#\/schema\/logo\/image\/"},"sameAs":["https:\/\/www.instagram.com\/q_ki_agents\/","https:\/\/www.youtube.com\/@Q-KI-Agents"]}]}},"_links":{"self":[{"href":"https:\/\/q-ki.consulting\/index.php?rest_route=\/wp\/v2\/pages\/1254","targetHints":{"allow":["GET"]}}],"collection":[{"href":"https:\/\/q-ki.consulting\/index.php?rest_route=\/wp\/v2\/pages"}],"about":[{"href":"https:\/\/q-ki.consulting\/index.php?rest_route=\/wp\/v2\/types\/page"}],"author":[{"embeddable":true,"href":"https:\/\/q-ki.consulting\/index.php?rest_route=\/wp\/v2\/users\/2"}],"replies":[{"embeddable":true,"href":"https:\/\/q-ki.consulting\/index.php?rest_route=%2Fwp%2Fv2%2Fcomments&post=1254"}],"version-history":[{"count":43,"href":"https:\/\/q-ki.consulting\/index.php?rest_route=\/wp\/v2\/pages\/1254\/revisions"}],"predecessor-version":[{"id":3006,"href":"https:\/\/q-ki.consulting\/index.php?rest_route=\/wp\/v2\/pages\/1254\/revisions\/3006"}],"wp:attachment":[{"href":"https:\/\/q-ki.consulting\/index.php?rest_route=%2Fwp%2Fv2%2Fmedia&parent=1254"}],"curies":[{"name":"wp","href":"https:\/\/api.w.org\/{rel}","templated":true}]}}