{"id":1096,"date":"2025-12-16T10:15:18","date_gmt":"2025-12-16T10:15:18","guid":{"rendered":"https:\/\/qai1495.live-website.com\/?page_id=1096"},"modified":"2026-01-06T14:51:07","modified_gmt":"2026-01-06T14:51:07","slug":"datenschutzerklaerung","status":"publish","type":"page","link":"https:\/\/q-ki.consulting\/?page_id=1096","title":{"rendered":"Datenschutzerkl\u00e4rung"},"content":{"rendered":"\t\t<div data-elementor-type=\"wp-page\" data-elementor-id=\"1096\" class=\"elementor elementor-1096\" data-elementor-post-type=\"page\">\n\t\t\t\t<div class=\"elementor-element elementor-element-eb6dcae e-flex e-con-boxed e-con e-parent\" data-id=\"eb6dcae\" data-element_type=\"container\" data-settings=\"{&quot;background_background&quot;:&quot;classic&quot;,&quot;ekit_has_onepagescroll_dot&quot;:&quot;yes&quot;}\">\n\t\t\t\t\t<div class=\"e-con-inner\">\n\t\t\t\t<div class=\"elementor-element elementor-element-34c1394 elementor-widget elementor-widget-text-editor\" data-id=\"34c1394\" data-element_type=\"widget\" data-settings=\"{&quot;ekit_we_effect_on&quot;:&quot;none&quot;}\" data-widget_type=\"text-editor.default\">\n\t\t\t\t\t\t\t\t\t<h1 class=\"page-title\">Datenschutz<\/h1>\t\t\t\t\t\t\t\t<\/div>\n\t\t\t\t\t<\/div>\n\t\t\t\t<\/div>\n\t\t<div class=\"elementor-element elementor-element-6555ab0 e-flex e-con-boxed e-con e-parent\" data-id=\"6555ab0\" data-element_type=\"container\" data-settings=\"{&quot;background_background&quot;:&quot;classic&quot;,&quot;ekit_has_onepagescroll_dot&quot;:&quot;yes&quot;}\">\n\t\t\t\t\t<div class=\"e-con-inner\">\n\t\t<div class=\"elementor-element elementor-element-8bb0e3e e-con-full e-flex e-con e-child\" data-id=\"8bb0e3e\" data-element_type=\"container\" data-settings=\"{&quot;ekit_has_onepagescroll_dot&quot;:&quot;yes&quot;}\">\n\t\t\t\t<div class=\"elementor-element elementor-element-699b64c elementor-widget elementor-widget-text-editor\" data-id=\"699b64c\" data-element_type=\"widget\" data-settings=\"{&quot;ekit_we_effect_on&quot;:&quot;none&quot;}\" data-widget_type=\"text-editor.default\">\n\t\t\t\t\t\t\t\t\t<div class=\"elementor-element elementor-element-2196613 elementor-widget elementor-widget-text-editor\" data-id=\"2196613\" data-element_type=\"widget\" data-widget_type=\"text-editor.default\"><section class=\"about-section\"><div class=\"container\"><p class=\"\">1. Allgemeine Informationen \u00fcber die Erhebung personenbezogener Daten<\/p><p class=\"\">(1) In der folgenden Datenschutzerkl\u00e4rung m\u00f6chten wir erl\u00e4utern, wie wir mit den personenbezogenen Daten, welche an uns bei der Nutzung unserer Internetpr\u00e4senz bzw. unserer Angebote \u00fcbermittelt werden, umgehen. Personenbezogene Daten sind alle Daten, die auf Sie pers\u00f6nlich beziehbar sind, z.B. Name, Adresse, E-Mail-Adressen oder Nutzerverhalten.<\/p><p class=\"\">(2) Verantwortlicher gem. Art. 4 Ziff. 7 DS-GVO:<\/p><p class=\"\">Q KI Consulting GmbH<br \/>Fahrendahl 41d<br \/>27442 Gnarrenburg<\/p><p>E-Mail: info(at)q-ki.consulting<\/p><p class=\"highlight-cursor-para\">(3) Unseren betrieblichen Datenschutzbeauftragten erreichen Sie unter info(at)q-ki.consulting oder unter o.g. Anschrift mit dem Zusatz \u201cDer Datenschutzbeauftragte\u201d \/ \u201cz.Hd. Herr Steingr\u00f6ver\u201d<\/p><p class=\"\">2. Betroffenenrechte<br \/>(1) Sie haben gegen\u00fcber uns folgende Rechte hinsichtlich der Sie betreffenden personenbezogenen Daten:<br \/>\u2022 Recht auf Auskunft (Art. 15 DS-GVO) \u00fcber Ihre von uns verarbeiteten personenbezogenen Daten;<br \/>\u2022 Recht auf Berichtigung (Art. 16 DS-GVO) oder Vervollst\u00e4ndigung Ihrer von uns verarbeiteten personenbezogenen Daten;<br \/>\u2022 Recht auf L\u00f6schung (Art. 17 DS-GVO) Ihrer von uns verarbeiteten personenbezogenen Daten, sofern die Verarbeitung nicht ausnahmsweise nach Art. 17 Abs. 3 DS-GVO erforderlich ist;<br \/>\u2022 Recht auf Einschr\u00e4nkung der Verarbeitung (Art. 18 DS-GVO);<br \/>\u2022 Recht auf Unterrichtung (Art. 19 DS-GVO);<br \/>\u2022 Recht auf Daten\u00fcbertragbarkeit (Art. 20 DS-GVO);<br \/>\u2022 Recht auf Widerruf einer einmal uns gegen\u00fcber erteilten Einwilligung (Art. 7 Abs. 3 DS-GVO).<br \/>\u200d<br \/>(2) Im \u00dcbrigen haben Sie das Recht eine Beschwerde bei einer datenschutzrechtlichen Aufsichtsbeh\u00f6rde einzureichen, sofern Sie der Ansicht sind, dass die Verarbeitung Ihrer personenbezogenen Daten durch uns unrechtm\u00e4\u00dfig ist. Dies sind die Landesbeauftragten f\u00fcr Datenschutz, den f\u00fcr Sie zust\u00e4ndigen Ansprechpartner finden Sie z.B. unter folgender URL: https:\/\/datenschutz.saarland.de\/datenschutz\/zustaendigkeiten\/#c139.<\/p><p>(3) Widerspruch gegen die Verarbeitung Ihrer Daten<br \/>Soweit wir die Verarbeitung Ihrer personenbezogenen Daten auf die Interessenabw\u00e4gung st\u00fctzen, k\u00f6nnen Sie Widerspruch gegen die Verarbeitung einlegen. Dies ist der Fall, wenn die Verarbeitung insbesondere nicht zur Erf\u00fcllung eines Vertrags mit Ihnen erforderlich ist, was von uns jeweils bei der entsprechenden Beschreibung der Funktionen dargestellt wird. Bei Aus\u00fcbung eines solchen Widerspruchs bitten wir um Darlegung der Gr\u00fcnde, weshalb wir Ihre personenbezogenen Daten nicht wie von uns durchgef\u00fchrt verarbeiten sollten. Im Falle Ihres begr\u00fcndeten Widerspruchs pr\u00fcfen wir die Sachlage und werden entweder die Datenverarbeitung einstellen bzw. anpassen oder Ihnen unsere zwingenden schutzw\u00fcrdigen Gr\u00fcnde aufzeigen, aufgrund derer wir die Verarbeitung fortf\u00fchren. Selbstverst\u00e4ndlich k\u00f6nnen Sie der Verarbeitung Ihrer personenbezogenen Daten f\u00fcr Zwecke der Werbung und Datenanalyse jederzeit widersprechen.<\/p><p>\u00dcber Ihren Werbewiderspruch k\u00f6nnen Sie uns unter folgenden Kontaktdaten informieren:<br \/>Kevin Willaschek<br \/>Q KI Consulting GmbH<br \/>Fahrendahl 41d<br \/>27442 Gnarrenburg<br \/>E-Mail: info(at)q-ki.consulting<\/p><p>3. Datensicherheit<br \/>Wir sichern unsere Internetpr\u00e4senz und sonstigen Systeme durch technische und organisatorische Ma\u00dfnahmen gegen Verlust, Zerst\u00f6rung, Zugriff, Ver\u00e4nderung oder Verbreitung Ihrer Daten durch unbefugte Personen. Trotz regelm\u00e4\u00dfiger Kontrollen ist ein vollst\u00e4ndiger Schutz gegen alle Gefahren jedoch nicht m\u00f6glich.<\/p><p class=\"\">4. Besuch unserer Internetpr\u00e4senz<br \/>Bei der blo\u00df informatorischen Nutzung unserer Internetpr\u00e4senz, erheben wir nur die personenbezogenen Daten, die Ihr Browser an unseren Server \u00fcbermittelt. Sobald Sie eine Datei von unserer Internetpr\u00e4senz anfordern, werden standardm\u00e4\u00dfig Zugriffsdaten erhoben und gespeichert.<br \/>\u200d<br \/>Dieser Datensatz besteht aus:<br \/>\u2022 der Seite, von der ausgehend die Datei angefordert wurde,<br \/>\u2022 dem Namen der Datei,<br \/>\u2022 dem Datum und der Uhrzeit der Anforderung,<br \/>\u2022 der \u00fcbertragenen Datenmenge,<br \/>\u2022 dem Zugriffsstatus\/ HTTP-Statuscode (d.h. ob die Datei \u00fcbertragen oder m\u00f6glicherweise nicht gefunden wurde etc.),<br \/>\u2022 einer Beschreibung des Typs sowie der Version des verwendeten Webbrowsers,<br \/>\u2022 dem installierten Betriebssystem und der eingestellten Aufl\u00f6sung,<br \/>\u2022 der verwendeten IP-Adresse.<br \/>\u200d<br \/>Diese Daten sind f\u00fcr uns erforderlich, um Ihnen unsere Internetpr\u00e4senz anzuzeigen sowie die Stabilit\u00e4t und Sicherheit zu gew\u00e4hrleisten. Ferner werden diese zu internen statistischen Zwecken sowie zur technischen Administration der Internetpr\u00e4senz ausgewertet. Rechtsgrundlage ist Art. 6 Abs. 1 S. 1 lit. f DS-GVO. Unser berechtigtes Interesse folgt aus den genannten Zwecken der Datenerhebung.<\/p><p class=\"\">5. Bei Kontaktaufnahme per E-Mail oder Kontaktformular<br \/>(1) Im Zuge Ihrer Kontaktaufnahme per E-Mail oder \u00fcber das Kontaktformular auf unserer Internetpr\u00e4senz werden personenbezogene Daten erhoben und von uns gespeichert. Welche personenbezogenen Daten im Fall der Kontaktaufnahme per Kontaktformular erhoben werden ergibt sich aus dem Kontaktformular. Im Zuge einer Kontaktaufnahme per E-Mail werden folgende personenbezogene Daten erhoben und von uns gespeichert: E-Mail-Adresse und E-Mailtext sowie weitere freiwillig angegebene Daten.<br \/>\u200d<br \/>(2) Die von Ihnen angegebenen Daten verarbeiten wir ausschlie\u00dflich zur Bearbeitung Ihrer Kontaktanfrage. Rechtsgrundlage ist Art. 6 Abs. 1 S. 1 lit. b DS-GVO bzw. unser berechtigtes Interesse an der Beantwortung Ihres Anliegens gem\u00e4\u00df Art. 6 Abs. S. 1 lit. f DS-GVO.<\/p><p>(3) Ist eine Speicherung nicht mehr erforderlich, werden wir s\u00e4mtliche in diesem Zusammenhang erhobenen personenbezogenen Daten l\u00f6schen. Sofern eine gesetzliche Aufbewahrungspflicht besteht wird die Verarbeitung auf diesen Zweck beschr\u00e4nkt. Rechtsgrundlage ist Art. 6 Abs. 1 lit. c DS-GVO.<\/p><p>Erlaubnis zur Kontaktaufnahme<br \/>Ich erkl\u00e4re mich damit einverstanden, dass meine Telefonnummer von uns zur Kontaktaufnahme verwendet werden darf. Diese Einwilligung zur Nutzung meiner Telefonnummer kann ich jederzeit f\u00fcr die Zukunft widerrufen, indem ich z.B. eine E-Mail an info@investment-group-germany.de sende. Rechtsgrundlage f\u00fcr die Nutzung Ihrer Telefonnummer f\u00fcr den R\u00fcckrufservice ist Art. 6 Abs. 1 S. 1 lit. a DS-GVO.<\/p><p>(2) Ist eine Speicherung nicht mehr erforderlich, werden wir s\u00e4mtliche in diesem Zusammenhang erhobenen personenbezogenen Daten l\u00f6schen. Sofern eine gesetzliche Aufbewahrungspflicht besteht wird die Verarbeitung auf diesen Zweck beschr\u00e4nkt. Rechtsgrundlage ist Art. 6 Abs. 1 lit. c DS-GVO.<\/p><p class=\"\">6. Cookies<br \/>(1) Diese Internetpr\u00e4senz verwendet Cookies. Cookies sind kleine Textdateien, die Ihr Internet-Browser auf Ihrem Endger\u00e4t (PC, Laptop, Tablet, Smartphone, etc.) speichert. Sie dienen dazu, die Nutzung unseres Angebotes f\u00fcr Sie angenehmer und komfortabler zu gestalten oder zu analytischen Zwecken. Rufen Sie die entsprechende Seite erneut auf, erm\u00f6glichen die Cookies eine Wiedererkennung Ihres Endger\u00e4tes. Dies f\u00fchrt u.a. dazu, dass von Ihnen einmal eingegebene Daten bei erneutem Ausf\u00fcllen des Formulars bereitstehen oder der Bestellvorgang bereits in den Warenkorb gelegter Artikel fortgesetzt werden kann. Sofern die Cookies eingesetzt werden, um den Abschluss oder die Durchf\u00fchrungen des Vertrages zu bezwecken, ist Rechtsgrundlage Art. 6 Abs. 1 S.1 lit. b DS-GVO. Werden die Cookies eingesetzt um unsere berechtigten Interessen an der angenehmen und komfortablen Funktionalit\u00e4t sowie Analyse und Verbesserung unserer Internetpr\u00e4senz zu gew\u00e4hrleisten, ist Rechtsgrundlage Art. 6 Abs. 1 S. 1 lit. f DS-GVO.<br \/>\u200d<br \/>(2) Diese Internetpr\u00e4senz nutzt die nachfolgend benannten Arten von Cookies:<br \/>\u2022 Zumeist verwenden wir Cookies, die nach Beendigung des Browsers oder wenn Sie sich ausloggen automatisch von Ihrer Festplatte gel\u00f6scht werden (transiente Cookies, insb. sog. Session-Cookies).<br \/>\u200d<br \/>\u2022 Andere Cookies verbleiben auf Ihrem Rechner und bewirken, dass wir Ihr Endger\u00e4t bei Ihrem n\u00e4chsten Besuch wiedererkennen (sog. persistente oder dauerhafte Cookies). Diese Cookies werden nach einer voreingestellten Zeitspanne, die sich je nach Cookie unterscheidet, automatisch von Ihrem System gel\u00f6scht.<br \/>\u200d<br \/>(3) Auf dieser Internetpr\u00e4senz sind Inhalte und Dienste von anderen Anbietern (z.B. YouTube, Facebook, Twitter) eingebunden, die ihrerseits Cookies und aktive Komponenten verwenden k\u00f6nnen. Wir verweisen insoweit auf unsere nachfolgenden Ausf\u00fchrungen.<\/p><p class=\"\">(4) Sie k\u00f6nnen das Speichern von Cookies in Ihren Browsereinstellungen jederzeit \u00e4ndern, z.B. die Annahme von Cookies insgesamt, von Third-Party-Cookies (Cookies, die durch einen Dritten gesetzt werden, also nicht durch die eigentliche Internetpr\u00e4senz, auf der man sich gerade befindet) oder von einzelnen Cookies verweigern oder diese l\u00f6schen. Wir weisen Sie jedoch darauf hin, dass in diesem Fall unsere Internetpr\u00e4senz m\u00f6glicherweise nicht mehr in vollem Umfang genutzt werden kann. Wir empfehlen Ihnen zur Sicherung Ihrer Privatsph\u00e4re, die Cookies auf Ihrem Endger\u00e4t und den Browserverlauf in regelm\u00e4\u00dfigen Abst\u00e4nden zu l\u00f6schen.<\/p><p class=\"\">7. Analysetools<br \/>(1) Diese Internetpr\u00e4senz verwendet Cookies. Cookies sind kleine Textdateien, die Ihr Internet-Browser auf Ihrem Endger\u00e4t (PC, Laptop, Tablet, Smartphone, etc.) speichert. Sie dienen dazu, die Nutzung unseres Angebotes f\u00fcr Sie angenehmer und komfortabler zu gestalten oder zu analytischen Zwecken. Rufen Sie die entsprechende Seite erneut auf, erm\u00f6glichen die Cookies eine Wiedererkennung Ihres Endger\u00e4tes. Dies f\u00fchrt u.a. dazu, dass von Ihnen einmal eingegebene Daten bei erneutem Ausf\u00fcllen des Formulars bereitstehen oder der Bestellvorgang bereits in den Warenkorb gelegter Artikel fortgesetzt werden kann. Sofern die Cookies eingesetzt werden, um den Abschluss oder die Durchf\u00fchrungen des Vertrages zu bezwecken, ist Rechtsgrundlage Art. 6 Abs. 1 S.1 lit. b DS-GVO. Werden die Cookies eingesetzt um unsere berechtigten Interessen an der angenehmen und komfortablen Funktionalit\u00e4t sowie Analyse und Verbesserung unserer Internetpr\u00e4senz zu gew\u00e4hrleisten, ist Rechtsgrundlage Art. 6 Abs. 1 S. 1 lit. f DS-GVO.<br \/>\u200d<br \/>(2) Diese Internetpr\u00e4senz nutzt die nachfolgend benannten Arten von Cookies:<br \/>\u2022 Zumeist verwenden wir Cookies, die nach Beendigung des Browsers oder wenn Sie sich ausloggen automatisch von Ihrer Festplatte gel\u00f6scht werden (transiente Cookies, insb. sog. Session-Cookies).<br \/>\u200d<br \/>\u2022 Andere Cookies verbleiben auf Ihrem Rechner und bewirken, dass wir Ihr Endger\u00e4t bei Ihrem n\u00e4chsten Besuch wiedererkennen (sog. persistente oder dauerhafte Cookies). Diese Cookies werden nach einer voreingestellten Zeitspanne, die sich je nach Cookie unterscheidet, automatisch von Ihrem System gel\u00f6scht.<br \/>\u200d<br \/>(3) Auf dieser Internetpr\u00e4senz sind Inhalte und Dienste von anderen Anbietern (z.B. YouTube, Facebook, Twitter) eingebunden, die ihrerseits Cookies und aktive Komponenten verwenden k\u00f6nnen. Wir verweisen insoweit auf unsere nachfolgenden Ausf\u00fchrungen.<\/p><p>(4) Sie k\u00f6nnen das Speichern von Cookies in Ihren Browsereinstellungen jederzeit \u00e4ndern, z.B. die Annahme von Cookies insgesamt, von Third-Party-Cookies (Cookies, die durch einen Dritten gesetzt werden, also nicht durch die eigentliche Internetpr\u00e4senz, auf der man sich gerade befindet) oder von einzelnen Cookies verweigern oder diese l\u00f6schen. Wir weisen Sie jedoch darauf hin, dass in diesem Fall unsere Internetpr\u00e4senz m\u00f6glicherweise nicht mehr in vollem Umfang genutzt werden kann. Wir empfehlen Ihnen zur Sicherung Ihrer Privatsph\u00e4re, die Cookies auf Ihrem Endger\u00e4t und den Browserverlauf in regelm\u00e4\u00dfigen Abst\u00e4nden zu l\u00f6schen.<\/p><p class=\"\">8. Speicherdauer von personenbezogenen Daten<br \/>Die Speicherdauer von personenbezogenen Daten richtet sich nach der jeweiligen gesetzlichen Aufbewahrungsfrist (z.B. handels- und steuerrechtliche Aufbewahrungsfristen). Wenn die gesetzlichen Aufbewahrungsfristen abgelaufen sind, l\u00f6schen wir die jeweiligen personenbezogenen Daten, solange und soweit die personenbezogenen Daten nicht zur Vertragserf\u00fcllung oder Vertragsanbahnung erforderlich sind oder wir kein berechtigtes Interesse mehr an der Speicherung besitzen.<\/p><p class=\"\">9. Weitergabe von Daten im \u00dcbrigen<br \/>Wir geben Ihre personenbezogenen Daten nur in den nachfolgend benannten F\u00e4llen an Dritte weiter:<br \/>\u2022 wenn Sie uns hierf\u00fcr eine ausdr\u00fcckliche Einwilligung nach Art. 6 Abs. 1 S. 1 lit. a DS-GVO erteilt haben, oder<br \/>\u2022 wenn nach Art. 6 Abs. 1 S. 1 lit. c DS-GVO f\u00fcr die Weitergabe eine gesetzliche Verpflichtung besteht, z.B. im Rahmen der Strafverfolgung oder<br \/>\u2022 die Weitergabe nach Art. 6 Abs. 1 S. 1 lit. f zum Zwecke der Geltendmachung oder Verteidigung von Rechtsanspr\u00fcchen bzw. der Aus\u00fcbung von Rechten erforderlich ist, und nicht anzunehmen ist, dass der Weitergabe ein \u00fcberwiegendes, schutzw\u00fcrdiges Interesse des Betroffenen entgegensteht<\/p><\/div><\/section><\/div>\t\t\t\t\t\t\t\t<\/div>\n\t\t\t\t<\/div>\n\t\t\t\t\t<\/div>\n\t\t\t\t<\/div>\n\t\t<div class=\"elementor-element elementor-element-af803fb e-flex e-con-boxed e-con e-parent\" data-id=\"af803fb\" data-element_type=\"container\" data-settings=\"{&quot;background_background&quot;:&quot;classic&quot;,&quot;ekit_has_onepagescroll_dot&quot;:&quot;yes&quot;}\">\n\t\t\t\t\t<div class=\"e-con-inner\">\n\t\t<div class=\"elementor-element elementor-element-161880b e-con-full e-flex e-con e-child\" data-id=\"161880b\" data-element_type=\"container\" data-settings=\"{&quot;background_background&quot;:&quot;classic&quot;,&quot;ekit_has_onepagescroll_dot&quot;:&quot;yes&quot;}\">\n\t\t<div class=\"elementor-element elementor-element-4d713413 e-con-full e-flex e-con e-child\" data-id=\"4d713413\" data-element_type=\"container\" data-settings=\"{&quot;background_background&quot;:&quot;classic&quot;,&quot;ekit_has_onepagescroll_dot&quot;:&quot;yes&quot;}\">\n\t\t\t\t<div class=\"elementor-element elementor-element-de9507c elementor-list-item-link-inline elementor-icon-list--layout-traditional elementor-widget elementor-widget-icon-list\" data-id=\"de9507c\" data-element_type=\"widget\" data-settings=\"{&quot;ekit_we_effect_on&quot;:&quot;none&quot;}\" data-widget_type=\"icon-list.default\">\n\t\t\t\t\t\t\t<ul class=\"elementor-icon-list-items\">\n\t\t\t\t\t\t\t<li class=\"elementor-icon-list-item\">\n\t\t\t\t\t\t\t\t\t\t<span class=\"elementor-icon-list-text\"><\/span>\n\t\t\t\t\t\t\t\t\t<\/li>\n\t\t\t\t\t\t<\/ul>\n\t\t\t\t\t\t<\/div>\n\t\t\t\t<\/div>\n\t\t\t\t<\/div>\n\t\t\t\t\t<\/div>\n\t\t\t\t<\/div>\n\t\t\t\t<\/div>\n\t\t","protected":false},"excerpt":{"rendered":"<p>Datenschutz 1. Allgemeine Informationen \u00fcber die Erhebung personenbezogener Daten (1) In der folgenden Datenschutzerkl\u00e4rung m\u00f6chten wir erl\u00e4utern, wie wir mit den personenbezogenen Daten, welche an uns bei der Nutzung unserer Internetpr\u00e4senz bzw. unserer Angebote \u00fcbermittelt werden, umgehen. Personenbezogene Daten sind alle Daten, die auf Sie pers\u00f6nlich beziehbar sind, z.B. Name, Adresse, E-Mail-Adressen oder Nutzerverhalten. (2) [&hellip;]<\/p>\n","protected":false},"author":2,"featured_media":0,"parent":0,"menu_order":0,"comment_status":"closed","ping_status":"closed","template":"elementor_header_footer","meta":{"footnotes":""},"class_list":["post-1096","page","type-page","status-publish","hentry"],"yoast_head":"<!-- This site is optimized with the Yoast SEO Premium plugin v26.3 (Yoast SEO v26.3) - https:\/\/yoast.com\/wordpress\/plugins\/seo\/ -->\n<title>Datenschutzerkl\u00e4rung - Q-KI.Consulting GmbH - KI-Betriebssystem f\u00fcr Unternehmen<\/title>\n<meta name=\"robots\" content=\"index, follow, max-snippet:-1, max-image-preview:large, max-video-preview:-1\" \/>\n<link rel=\"canonical\" href=\"https:\/\/q-ki.consulting\/?page_id=1096\" \/>\n<meta property=\"og:locale\" content=\"de_DE\" \/>\n<meta property=\"og:type\" content=\"article\" \/>\n<meta property=\"og:title\" content=\"Datenschutzerkl\u00e4rung\" \/>\n<meta property=\"og:description\" content=\"Datenschutz 1. Allgemeine Informationen \u00fcber die Erhebung personenbezogener Daten (1) In der folgenden Datenschutzerkl\u00e4rung m\u00f6chten wir erl\u00e4utern, wie wir mit den personenbezogenen Daten, welche an uns bei der Nutzung unserer Internetpr\u00e4senz bzw. unserer Angebote \u00fcbermittelt werden, umgehen. Personenbezogene Daten sind alle Daten, die auf Sie pers\u00f6nlich beziehbar sind, z.B. Name, Adresse, E-Mail-Adressen oder Nutzerverhalten. (2) [&hellip;]\" \/>\n<meta property=\"og:url\" content=\"https:\/\/q-ki.consulting\/?page_id=1096\" \/>\n<meta property=\"og:site_name\" content=\"Q-KI.Consulting GmbH - KI-Betriebssystem f\u00fcr Unternehmen\" \/>\n<meta property=\"article:modified_time\" content=\"2026-01-06T14:51:07+00:00\" \/>\n<meta name=\"twitter:card\" content=\"summary_large_image\" \/>\n<meta name=\"twitter:label1\" content=\"Gesch\u00e4tzte Lesezeit\" \/>\n\t<meta name=\"twitter:data1\" content=\"9\u00a0Minuten\" \/>\n<script type=\"application\/ld+json\" class=\"yoast-schema-graph\">{\"@context\":\"https:\/\/schema.org\",\"@graph\":[{\"@type\":\"WebPage\",\"@id\":\"https:\/\/q-ki.consulting\/?page_id=1096\",\"url\":\"https:\/\/q-ki.consulting\/?page_id=1096\",\"name\":\"Datenschutzerkl\u00e4rung - Q-KI.Consulting GmbH - KI-Betriebssystem f\u00fcr Unternehmen\",\"isPartOf\":{\"@id\":\"https:\/\/q-ki.consulting\/#website\"},\"datePublished\":\"2025-12-16T10:15:18+00:00\",\"dateModified\":\"2026-01-06T14:51:07+00:00\",\"breadcrumb\":{\"@id\":\"https:\/\/q-ki.consulting\/?page_id=1096#breadcrumb\"},\"inLanguage\":\"de\",\"potentialAction\":[{\"@type\":\"ReadAction\",\"target\":[\"https:\/\/q-ki.consulting\/?page_id=1096\"]}]},{\"@type\":\"BreadcrumbList\",\"@id\":\"https:\/\/q-ki.consulting\/?page_id=1096#breadcrumb\",\"itemListElement\":[{\"@type\":\"ListItem\",\"position\":1,\"name\":\"Home\",\"item\":\"https:\/\/q-ki.consulting\/\"},{\"@type\":\"ListItem\",\"position\":2,\"name\":\"Datenschutzerkl\u00e4rung\"}]},{\"@type\":\"WebSite\",\"@id\":\"https:\/\/q-ki.consulting\/#website\",\"url\":\"https:\/\/q-ki.consulting\/\",\"name\":\"Q-KI.Consulting\",\"description\":\"KI-Betriebssystem f\u00fcr Unternehmen\",\"publisher\":{\"@id\":\"https:\/\/q-ki.consulting\/#organization\"},\"potentialAction\":[{\"@type\":\"SearchAction\",\"target\":{\"@type\":\"EntryPoint\",\"urlTemplate\":\"https:\/\/q-ki.consulting\/?s={search_term_string}\"},\"query-input\":{\"@type\":\"PropertyValueSpecification\",\"valueRequired\":true,\"valueName\":\"search_term_string\"}}],\"inLanguage\":\"de\"},{\"@type\":\"Organization\",\"@id\":\"https:\/\/q-ki.consulting\/#organization\",\"name\":\"Q-KI.Consulting GmbH\",\"url\":\"https:\/\/q-ki.consulting\/\",\"logo\":{\"@type\":\"ImageObject\",\"inLanguage\":\"de\",\"@id\":\"https:\/\/q-ki.consulting\/#\/schema\/logo\/image\/\",\"url\":\"https:\/\/q-ki.consulting\/wp-content\/uploads\/2025\/12\/QKIC-scaled.png\",\"contentUrl\":\"https:\/\/q-ki.consulting\/wp-content\/uploads\/2025\/12\/QKIC-scaled.png\",\"width\":2560,\"height\":460,\"caption\":\"Q-KI.Consulting GmbH\"},\"image\":{\"@id\":\"https:\/\/q-ki.consulting\/#\/schema\/logo\/image\/\"},\"sameAs\":[\"https:\/\/www.instagram.com\/q_ki_agents\/\",\"https:\/\/www.youtube.com\/@Q-KI-Agents\"]}]}<\/script>\n<!-- \/ Yoast SEO Premium plugin. -->","yoast_head_json":{"title":"Datenschutzerkl\u00e4rung - Q-KI.Consulting GmbH - KI-Betriebssystem f\u00fcr Unternehmen","robots":{"index":"index","follow":"follow","max-snippet":"max-snippet:-1","max-image-preview":"max-image-preview:large","max-video-preview":"max-video-preview:-1"},"canonical":"https:\/\/q-ki.consulting\/?page_id=1096","og_locale":"de_DE","og_type":"article","og_title":"Datenschutzerkl\u00e4rung","og_description":"Datenschutz 1. Allgemeine Informationen \u00fcber die Erhebung personenbezogener Daten (1) In der folgenden Datenschutzerkl\u00e4rung m\u00f6chten wir erl\u00e4utern, wie wir mit den personenbezogenen Daten, welche an uns bei der Nutzung unserer Internetpr\u00e4senz bzw. unserer Angebote \u00fcbermittelt werden, umgehen. Personenbezogene Daten sind alle Daten, die auf Sie pers\u00f6nlich beziehbar sind, z.B. Name, Adresse, E-Mail-Adressen oder Nutzerverhalten. (2) [&hellip;]","og_url":"https:\/\/q-ki.consulting\/?page_id=1096","og_site_name":"Q-KI.Consulting GmbH - KI-Betriebssystem f\u00fcr Unternehmen","article_modified_time":"2026-01-06T14:51:07+00:00","twitter_card":"summary_large_image","twitter_misc":{"Gesch\u00e4tzte Lesezeit":"9\u00a0Minuten"},"schema":{"@context":"https:\/\/schema.org","@graph":[{"@type":"WebPage","@id":"https:\/\/q-ki.consulting\/?page_id=1096","url":"https:\/\/q-ki.consulting\/?page_id=1096","name":"Datenschutzerkl\u00e4rung - Q-KI.Consulting GmbH - KI-Betriebssystem f\u00fcr Unternehmen","isPartOf":{"@id":"https:\/\/q-ki.consulting\/#website"},"datePublished":"2025-12-16T10:15:18+00:00","dateModified":"2026-01-06T14:51:07+00:00","breadcrumb":{"@id":"https:\/\/q-ki.consulting\/?page_id=1096#breadcrumb"},"inLanguage":"de","potentialAction":[{"@type":"ReadAction","target":["https:\/\/q-ki.consulting\/?page_id=1096"]}]},{"@type":"BreadcrumbList","@id":"https:\/\/q-ki.consulting\/?page_id=1096#breadcrumb","itemListElement":[{"@type":"ListItem","position":1,"name":"Home","item":"https:\/\/q-ki.consulting\/"},{"@type":"ListItem","position":2,"name":"Datenschutzerkl\u00e4rung"}]},{"@type":"WebSite","@id":"https:\/\/q-ki.consulting\/#website","url":"https:\/\/q-ki.consulting\/","name":"Q-KI.Consulting","description":"KI-Betriebssystem f\u00fcr Unternehmen","publisher":{"@id":"https:\/\/q-ki.consulting\/#organization"},"potentialAction":[{"@type":"SearchAction","target":{"@type":"EntryPoint","urlTemplate":"https:\/\/q-ki.consulting\/?s={search_term_string}"},"query-input":{"@type":"PropertyValueSpecification","valueRequired":true,"valueName":"search_term_string"}}],"inLanguage":"de"},{"@type":"Organization","@id":"https:\/\/q-ki.consulting\/#organization","name":"Q-KI.Consulting GmbH","url":"https:\/\/q-ki.consulting\/","logo":{"@type":"ImageObject","inLanguage":"de","@id":"https:\/\/q-ki.consulting\/#\/schema\/logo\/image\/","url":"https:\/\/q-ki.consulting\/wp-content\/uploads\/2025\/12\/QKIC-scaled.png","contentUrl":"https:\/\/q-ki.consulting\/wp-content\/uploads\/2025\/12\/QKIC-scaled.png","width":2560,"height":460,"caption":"Q-KI.Consulting GmbH"},"image":{"@id":"https:\/\/q-ki.consulting\/#\/schema\/logo\/image\/"},"sameAs":["https:\/\/www.instagram.com\/q_ki_agents\/","https:\/\/www.youtube.com\/@Q-KI-Agents"]}]}},"_links":{"self":[{"href":"https:\/\/q-ki.consulting\/index.php?rest_route=\/wp\/v2\/pages\/1096","targetHints":{"allow":["GET"]}}],"collection":[{"href":"https:\/\/q-ki.consulting\/index.php?rest_route=\/wp\/v2\/pages"}],"about":[{"href":"https:\/\/q-ki.consulting\/index.php?rest_route=\/wp\/v2\/types\/page"}],"author":[{"embeddable":true,"href":"https:\/\/q-ki.consulting\/index.php?rest_route=\/wp\/v2\/users\/2"}],"replies":[{"embeddable":true,"href":"https:\/\/q-ki.consulting\/index.php?rest_route=%2Fwp%2Fv2%2Fcomments&post=1096"}],"version-history":[{"count":103,"href":"https:\/\/q-ki.consulting\/index.php?rest_route=\/wp\/v2\/pages\/1096\/revisions"}],"predecessor-version":[{"id":2379,"href":"https:\/\/q-ki.consulting\/index.php?rest_route=\/wp\/v2\/pages\/1096\/revisions\/2379"}],"wp:attachment":[{"href":"https:\/\/q-ki.consulting\/index.php?rest_route=%2Fwp%2Fv2%2Fmedia&parent=1096"}],"curies":[{"name":"wp","href":"https:\/\/api.w.org\/{rel}","templated":true}]}}